{"id":2,"date":"2018-09-27T07:20:18","date_gmt":"2018-09-27T07:20:18","guid":{"rendered":"http:\/\/utbildning.fn.se\/glokala-sverige\/?page_id=2"},"modified":"2024-12-16T08:55:38","modified_gmt":"2024-12-16T08:55:38","slug":"home-page","status":"publish","type":"page","link":"https:\/\/utbildning.fn.se\/glokala-sverige\/","title":{"rendered":"Glokala Sverige &#8211; Agenda 2030 i kommuner och regioner"},"content":{"rendered":"<p>V\u00e4lkommen att g\u00f6ra en utbildning i Agenda 2030. Om det \u00e4r f\u00f6rsta g\u00e5ngen du \u00e4r h\u00e4r s\u00e5 m\u00e5ste du registrera dig som deltagare. N\u00e4r du har registrerat dig kan du logga ut och in s\u00e5 m\u00e5nga g\u00e5nger du vill och g\u00f6ra utbildningens olika delar i etapper n\u00e4r det passar dig. P\u00e5 jobbet, hemma eller n\u00e5gon annanstans d\u00e4r det passar dig.<\/p>\n<p>Varje del tar cirka fem-tio minuter och avslutas med ett litet quiz. Varje m\u00e5l har ett antal delm\u00e5l d\u00e4r n\u00e5gra \u00e4r numrerade och n\u00e5gra har bokst\u00e4ver. De delm\u00e5l som har bokst\u00e4ver \u00e4r mer av metoder f\u00f6r att n\u00e5 m\u00e5len.<\/p>\n<p>Utbildningen \u00e4r producerad med st\u00f6d av Sida. Sida har inte deltagit i produktionen utan ansvaret f\u00f6r inneh\u00e5llet \u00e4r projektets.<\/p>\n<p><em>Projektet Glokala Sverige avslutades i april 2023. Utbildningen \u00e4r inte uppdaterad sedan dess. D\u00e5 vi vet att n\u00e5gra av er har nytta av utbildningen l\u00e5ter vi den ligga kvar i ouppdaterad form ocks\u00e5 under 2025.<\/em><\/p>\n","protected":false},"excerpt":{"rendered":"<p>V\u00e4lkommen att g\u00f6ra en utbildning i Agenda 2030. Om det \u00e4r f\u00f6rsta g\u00e5ngen du \u00e4r h\u00e4r s\u00e5 m\u00e5ste du registrera dig som deltagare. N\u00e4r du har registrerat dig kan du logga ut och in s\u00e5 m\u00e5nga g\u00e5nger du vill och g\u00f6ra utbildningens olika delar i etapper n\u00e4r det passar dig. P\u00e5 jobbet, hemma eller n\u00e5gon<a href=\"https:\/\/utbildning.fn.se\/glokala-sverige\/\" class=\"read-more\">Continue Reading<\/a><\/p>\n","protected":false},"author":12,"featured_media":119,"parent":0,"menu_order":7,"comment_status":"closed","ping_status":"open","template":"templates\/template-home.php","meta":{"_acf_changed":false,"_monsterinsights_skip_tracking":false,"_monsterinsights_sitenote_active":false,"_monsterinsights_sitenote_note":"","_monsterinsights_sitenote_category":0,"footnotes":""},"class_list":["post-2","page","type-page","status-publish","has-post-thumbnail","hentry"],"acf":[],"yoast_head":"<!-- This site is optimized with the Yoast SEO plugin v27.4 - https:\/\/yoast.com\/product\/yoast-seo-wordpress\/ -->\n<title>Glokala Sverige - Agenda 2030 i kommuner och regioner - Glokala Sverige<\/title>\n<meta name=\"robots\" content=\"index, follow, max-snippet:-1, max-image-preview:large, max-video-preview:-1\" \/>\n<link rel=\"canonical\" href=\"https:\/\/utbildning.fn.se\/glokala-sverige\/\" \/>\n<meta property=\"og:locale\" content=\"sv_SE\" \/>\n<meta property=\"og:type\" content=\"article\" \/>\n<meta property=\"og:title\" content=\"Glokala Sverige - Agenda 2030 i kommuner och regioner - Glokala Sverige\" \/>\n<meta property=\"og:description\" content=\"V\u00e4lkommen att g\u00f6ra en utbildning i Agenda 2030. Om det \u00e4r f\u00f6rsta g\u00e5ngen du \u00e4r h\u00e4r s\u00e5 m\u00e5ste du registrera dig som deltagare. N\u00e4r du har registrerat dig kan du logga ut och in s\u00e5 m\u00e5nga g\u00e5nger du vill och g\u00f6ra utbildningens olika delar i etapper n\u00e4r det passar dig. P\u00e5 jobbet, hemma eller n\u00e5gonContinue Reading\" \/>\n<meta property=\"og:url\" content=\"https:\/\/utbildning.fn.se\/glokala-sverige\/\" \/>\n<meta property=\"og:site_name\" content=\"Glokala Sverige\" \/>\n<meta property=\"article:modified_time\" content=\"2024-12-16T08:55:38+00:00\" \/>\n<meta property=\"og:image\" content=\"https:\/\/utbildning.fn.se\/glokala-sverige\/wp-content\/uploads\/sites\/2\/2018\/10\/intro-banner-3.jpg\" \/>\n\t<meta property=\"og:image:width\" content=\"4096\" \/>\n\t<meta property=\"og:image:height\" content=\"960\" \/>\n\t<meta property=\"og:image:type\" content=\"image\/jpeg\" \/>\n<meta name=\"twitter:card\" content=\"summary_large_image\" \/>\n<meta name=\"twitter:label1\" content=\"Ber\u00e4knad l\u00e4stid\" \/>\n\t<meta name=\"twitter:data1\" content=\"1 minut\" \/>\n<script type=\"application\/ld+json\" class=\"yoast-schema-graph\">{\"@context\":\"https:\\\/\\\/schema.org\",\"@graph\":[{\"@type\":\"WebPage\",\"@id\":\"https:\\\/\\\/utbildning.fn.se\\\/glokala-sverige\\\/\",\"url\":\"https:\\\/\\\/utbildning.fn.se\\\/glokala-sverige\\\/\",\"name\":\"Glokala Sverige - Agenda 2030 i kommuner och regioner - Glokala Sverige\",\"isPartOf\":{\"@id\":\"https:\\\/\\\/utbildning.fn.se\\\/glokala-sverige\\\/#website\"},\"primaryImageOfPage\":{\"@id\":\"https:\\\/\\\/utbildning.fn.se\\\/glokala-sverige\\\/#primaryimage\"},\"image\":{\"@id\":\"https:\\\/\\\/utbildning.fn.se\\\/glokala-sverige\\\/#primaryimage\"},\"thumbnailUrl\":\"https:\\\/\\\/utbildning.fn.se\\\/glokala-sverige\\\/wp-content\\\/uploads\\\/sites\\\/2\\\/2018\\\/10\\\/intro-banner-3.jpg\",\"datePublished\":\"2018-09-27T07:20:18+00:00\",\"dateModified\":\"2024-12-16T08:55:38+00:00\",\"breadcrumb\":{\"@id\":\"https:\\\/\\\/utbildning.fn.se\\\/glokala-sverige\\\/#breadcrumb\"},\"inLanguage\":\"sv-SE\",\"potentialAction\":[{\"@type\":\"ReadAction\",\"target\":[\"https:\\\/\\\/utbildning.fn.se\\\/glokala-sverige\\\/\"]}]},{\"@type\":\"ImageObject\",\"inLanguage\":\"sv-SE\",\"@id\":\"https:\\\/\\\/utbildning.fn.se\\\/glokala-sverige\\\/#primaryimage\",\"url\":\"https:\\\/\\\/utbildning.fn.se\\\/glokala-sverige\\\/wp-content\\\/uploads\\\/sites\\\/2\\\/2018\\\/10\\\/intro-banner-3.jpg\",\"contentUrl\":\"https:\\\/\\\/utbildning.fn.se\\\/glokala-sverige\\\/wp-content\\\/uploads\\\/sites\\\/2\\\/2018\\\/10\\\/intro-banner-3.jpg\",\"width\":4096,\"height\":960},{\"@type\":\"BreadcrumbList\",\"@id\":\"https:\\\/\\\/utbildning.fn.se\\\/glokala-sverige\\\/#breadcrumb\",\"itemListElement\":[{\"@type\":\"ListItem\",\"position\":1,\"name\":\"Home\",\"item\":\"https:\\\/\\\/utbildning.fn.se\\\/glokala-sverige\\\/\"},{\"@type\":\"ListItem\",\"position\":2,\"name\":\"Glokala Sverige &#8211; Agenda 2030 i kommuner och regioner\"}]},{\"@type\":\"WebSite\",\"@id\":\"https:\\\/\\\/utbildning.fn.se\\\/glokala-sverige\\\/#website\",\"url\":\"https:\\\/\\\/utbildning.fn.se\\\/glokala-sverige\\\/\",\"name\":\"Glokala Sverige\",\"description\":\"Agenda 2030 i kommuner landsting och regioner\",\"publisher\":{\"@id\":\"https:\\\/\\\/utbildning.fn.se\\\/glokala-sverige\\\/#organization\"},\"potentialAction\":[{\"@type\":\"SearchAction\",\"target\":{\"@type\":\"EntryPoint\",\"urlTemplate\":\"https:\\\/\\\/utbildning.fn.se\\\/glokala-sverige\\\/?s={search_term_string}\"},\"query-input\":{\"@type\":\"PropertyValueSpecification\",\"valueRequired\":true,\"valueName\":\"search_term_string\"}}],\"inLanguage\":\"sv-SE\"},{\"@type\":\"Organization\",\"@id\":\"https:\\\/\\\/utbildning.fn.se\\\/glokala-sverige\\\/#organization\",\"name\":\"Glokala Sverige\",\"url\":\"https:\\\/\\\/utbildning.fn.se\\\/glokala-sverige\\\/\",\"logo\":{\"@type\":\"ImageObject\",\"inLanguage\":\"sv-SE\",\"@id\":\"https:\\\/\\\/utbildning.fn.se\\\/glokala-sverige\\\/#\\\/schema\\\/logo\\\/image\\\/\",\"url\":\"https:\\\/\\\/utbildning.fn.se\\\/glokala-sverige\\\/wp-content\\\/uploads\\\/sites\\\/2\\\/2018\\\/09\\\/logo-111.png\",\"contentUrl\":\"https:\\\/\\\/utbildning.fn.se\\\/glokala-sverige\\\/wp-content\\\/uploads\\\/sites\\\/2\\\/2018\\\/09\\\/logo-111.png\",\"width\":220,\"height\":393,\"caption\":\"Glokala Sverige\"},\"image\":{\"@id\":\"https:\\\/\\\/utbildning.fn.se\\\/glokala-sverige\\\/#\\\/schema\\\/logo\\\/image\\\/\"}}]}<\/script>\n<!-- \/ Yoast SEO plugin. -->","yoast_head_json":{"title":"Glokala Sverige - Agenda 2030 i kommuner och regioner - Glokala Sverige","robots":{"index":"index","follow":"follow","max-snippet":"max-snippet:-1","max-image-preview":"max-image-preview:large","max-video-preview":"max-video-preview:-1"},"canonical":"https:\/\/utbildning.fn.se\/glokala-sverige\/","og_locale":"sv_SE","og_type":"article","og_title":"Glokala Sverige - Agenda 2030 i kommuner och regioner - Glokala Sverige","og_description":"V\u00e4lkommen att g\u00f6ra en utbildning i Agenda 2030. Om det \u00e4r f\u00f6rsta g\u00e5ngen du \u00e4r h\u00e4r s\u00e5 m\u00e5ste du registrera dig som deltagare. N\u00e4r du har registrerat dig kan du logga ut och in s\u00e5 m\u00e5nga g\u00e5nger du vill och g\u00f6ra utbildningens olika delar i etapper n\u00e4r det passar dig. P\u00e5 jobbet, hemma eller n\u00e5gonContinue Reading","og_url":"https:\/\/utbildning.fn.se\/glokala-sverige\/","og_site_name":"Glokala Sverige","article_modified_time":"2024-12-16T08:55:38+00:00","og_image":[{"width":4096,"height":960,"url":"https:\/\/utbildning.fn.se\/glokala-sverige\/wp-content\/uploads\/sites\/2\/2018\/10\/intro-banner-3.jpg","type":"image\/jpeg"}],"twitter_card":"summary_large_image","twitter_misc":{"Ber\u00e4knad l\u00e4stid":"1 minut"},"schema":{"@context":"https:\/\/schema.org","@graph":[{"@type":"WebPage","@id":"https:\/\/utbildning.fn.se\/glokala-sverige\/","url":"https:\/\/utbildning.fn.se\/glokala-sverige\/","name":"Glokala Sverige - Agenda 2030 i kommuner och regioner - Glokala Sverige","isPartOf":{"@id":"https:\/\/utbildning.fn.se\/glokala-sverige\/#website"},"primaryImageOfPage":{"@id":"https:\/\/utbildning.fn.se\/glokala-sverige\/#primaryimage"},"image":{"@id":"https:\/\/utbildning.fn.se\/glokala-sverige\/#primaryimage"},"thumbnailUrl":"https:\/\/utbildning.fn.se\/glokala-sverige\/wp-content\/uploads\/sites\/2\/2018\/10\/intro-banner-3.jpg","datePublished":"2018-09-27T07:20:18+00:00","dateModified":"2024-12-16T08:55:38+00:00","breadcrumb":{"@id":"https:\/\/utbildning.fn.se\/glokala-sverige\/#breadcrumb"},"inLanguage":"sv-SE","potentialAction":[{"@type":"ReadAction","target":["https:\/\/utbildning.fn.se\/glokala-sverige\/"]}]},{"@type":"ImageObject","inLanguage":"sv-SE","@id":"https:\/\/utbildning.fn.se\/glokala-sverige\/#primaryimage","url":"https:\/\/utbildning.fn.se\/glokala-sverige\/wp-content\/uploads\/sites\/2\/2018\/10\/intro-banner-3.jpg","contentUrl":"https:\/\/utbildning.fn.se\/glokala-sverige\/wp-content\/uploads\/sites\/2\/2018\/10\/intro-banner-3.jpg","width":4096,"height":960},{"@type":"BreadcrumbList","@id":"https:\/\/utbildning.fn.se\/glokala-sverige\/#breadcrumb","itemListElement":[{"@type":"ListItem","position":1,"name":"Home","item":"https:\/\/utbildning.fn.se\/glokala-sverige\/"},{"@type":"ListItem","position":2,"name":"Glokala Sverige &#8211; Agenda 2030 i kommuner och regioner"}]},{"@type":"WebSite","@id":"https:\/\/utbildning.fn.se\/glokala-sverige\/#website","url":"https:\/\/utbildning.fn.se\/glokala-sverige\/","name":"Glokala Sverige","description":"Agenda 2030 i kommuner landsting och regioner","publisher":{"@id":"https:\/\/utbildning.fn.se\/glokala-sverige\/#organization"},"potentialAction":[{"@type":"SearchAction","target":{"@type":"EntryPoint","urlTemplate":"https:\/\/utbildning.fn.se\/glokala-sverige\/?s={search_term_string}"},"query-input":{"@type":"PropertyValueSpecification","valueRequired":true,"valueName":"search_term_string"}}],"inLanguage":"sv-SE"},{"@type":"Organization","@id":"https:\/\/utbildning.fn.se\/glokala-sverige\/#organization","name":"Glokala Sverige","url":"https:\/\/utbildning.fn.se\/glokala-sverige\/","logo":{"@type":"ImageObject","inLanguage":"sv-SE","@id":"https:\/\/utbildning.fn.se\/glokala-sverige\/#\/schema\/logo\/image\/","url":"https:\/\/utbildning.fn.se\/glokala-sverige\/wp-content\/uploads\/sites\/2\/2018\/09\/logo-111.png","contentUrl":"https:\/\/utbildning.fn.se\/glokala-sverige\/wp-content\/uploads\/sites\/2\/2018\/09\/logo-111.png","width":220,"height":393,"caption":"Glokala Sverige"},"image":{"@id":"https:\/\/utbildning.fn.se\/glokala-sverige\/#\/schema\/logo\/image\/"}}]}},"_links":{"self":[{"href":"https:\/\/utbildning.fn.se\/glokala-sverige\/wp-json\/wp\/v2\/pages\/2","targetHints":{"allow":["GET"]}}],"collection":[{"href":"https:\/\/utbildning.fn.se\/glokala-sverige\/wp-json\/wp\/v2\/pages"}],"about":[{"href":"https:\/\/utbildning.fn.se\/glokala-sverige\/wp-json\/wp\/v2\/types\/page"}],"author":[{"embeddable":true,"href":"https:\/\/utbildning.fn.se\/glokala-sverige\/wp-json\/wp\/v2\/users\/12"}],"replies":[{"embeddable":true,"href":"https:\/\/utbildning.fn.se\/glokala-sverige\/wp-json\/wp\/v2\/comments?post=2"}],"version-history":[{"count":13,"href":"https:\/\/utbildning.fn.se\/glokala-sverige\/wp-json\/wp\/v2\/pages\/2\/revisions"}],"predecessor-version":[{"id":1438,"href":"https:\/\/utbildning.fn.se\/glokala-sverige\/wp-json\/wp\/v2\/pages\/2\/revisions\/1438"}],"wp:featuredmedia":[{"embeddable":true,"href":"https:\/\/utbildning.fn.se\/glokala-sverige\/wp-json\/wp\/v2\/media\/119"}],"wp:attachment":[{"href":"https:\/\/utbildning.fn.se\/glokala-sverige\/wp-json\/wp\/v2\/media?parent=2"}],"curies":[{"name":"wp","href":"https:\/\/api.w.org\/{rel}","templated":true}]}}